{"id":762,"date":"2017-05-11T09:57:43","date_gmt":"2017-05-11T08:57:43","guid":{"rendered":"http:\/\/www.mallorcalikehome.com\/?page_id=762"},"modified":"2017-05-11T09:57:43","modified_gmt":"2017-05-11T08:57:43","slug":"qui-sommes-nous","status":"publish","type":"page","link":"https:\/\/mallorcalikehome.com\/index.php\/qui-sommes-nous\/","title":{"rendered":"Qui sommes nous"},"content":{"rendered":"<p>[vc_row thb_full_width=&#8221;true&#8221; full_height=&#8221;yes&#8221; css=&#8221;.vc_custom_1496057393349{padding-top: 7vh !important;padding-bottom: 7vh !important;background-color: #e5e2da !important;}&#8221; thb_row_title=&#8221;Brief&#8221;][vc_column css=&#8221;.vc_custom_1499418311427{margin-top: 80px !important;}&#8221;][vc_row_inner thb_max_width=&#8221;max_width&#8221; el_class=&#8221;align-center&#8221;][vc_column_inner animation=&#8221;animation fade-in&#8221; offset=&#8221;vc_col-lg-8 vc_col-md-9&#8243;][vc_custom_heading text=&#8221;BIENVENUS&#8221; font_container=&#8221;tag:h2|font_size:30px|text_align:center|color:%233d3d3d&#8221; google_fonts=&#8221;font_family:Prata%3Aregular|font_style:400%20regular%3A400%3Anormal&#8221; css=&#8221;.vc_custom_1576865441293{padding-top: 30px !important;}&#8221;][vc_separator color=&#8221;black&#8221; border_width=&#8221;2&#8243; el_width=&#8221;40&#8243;][vc_column_text 0=&#8221;&#8221;]<\/p>\n<h6 style=\"text-align: center;\"><span style=\"color: #333333;\">NOUS SOMMES Mallorca Like Home<\/span><\/h6>\n<h6 style=\"text-align: center;\"><span style=\"color: #333333;\">\u00a02 APPARTEMENTS A LOUER TOUTE L&#8217;ANNEE DANS LE NORD DE MAJORQUE<\/span><\/h6>\n<h6 style=\"text-align: center;\"><span style=\"color: #333333;\">LE MEILLEUR ENDROIT POUR VOS VACANCES<\/span><\/h6>\n<p>[\/vc_column_text][vc_column_text 0=&#8221;&#8221;]<img loading=\"lazy\" decoding=\"async\" class=\"alignleft wp-image-1317 size-full\" src=\"https:\/\/mallorcalikehome.com\/wp-content\/uploads\/2020\/03\/cathy-sombrero2020-1.png\" alt=\"\" width=\"2000\" height=\"1143\" srcset=\"https:\/\/mallorcalikehome.com\/wp-content\/uploads\/2020\/03\/cathy-sombrero2020-1.png 2000w, https:\/\/mallorcalikehome.com\/wp-content\/uploads\/2020\/03\/cathy-sombrero2020-1-1024x585.png 1024w, https:\/\/mallorcalikehome.com\/wp-content\/uploads\/2020\/03\/cathy-sombrero2020-1-768x439.png 768w, https:\/\/mallorcalikehome.com\/wp-content\/uploads\/2020\/03\/cathy-sombrero2020-1-1536x878.png 1536w, https:\/\/mallorcalikehome.com\/wp-content\/uploads\/2020\/03\/cathy-sombrero2020-1-600x343.png 600w\" sizes=\"auto, (max-width: 2000px) 100vw, 2000px\" \/>[\/vc_column_text][vc_separator el_width=&#8221;50&#8243;][vc_column_text css=&#8221;.vc_custom_1579796392370{padding-top: 50px !important;padding-right: 50px !important;padding-left: 50px !important;background-color: #ffffff !important;}&#8221;]<strong>Je suis n\u00e9 et j&#8217;ai grandi dans les Cara\u00efbes.<\/strong><\/p>\n<p>La premi\u00e8re fois que j&#8217;ai visit\u00e9 Majorque il y a 8 ans, j&#8217;avais l&#8217;impression d&#8217;\u00eatre sur ces plages de mon enfance, son sable fin et ses eaux limpides et chaudes, la v\u00e9g\u00e9tation luxuriante, si verte, cette sensation d&#8217;\u00e9t\u00e9 \u00e9ternel. Connaissant le nord de l&#8217;\u00eele, cette sensation a \u00e9t\u00e9 renforc\u00e9e par la pr\u00e9sence de la cha\u00eene de montagnes de Tramuntana. D\u00e9clar\u00e9e r\u00e9cemment patrimoine mondial par l&#8217;UNESCO, c&#8217;est la Sierra qui a amen\u00e9 les premiers touristes \u00e0 Majorque au d\u00e9but du XXe si\u00e8cle!<\/p>\n<p>La mer et la montagne en parfaite communion.<\/p>\n<p>C&#8217;est pourquoi les appartements de Majorque Like Home sont situ\u00e9s au nord de l&#8217;\u00eele, \u00e0 Puerto Pollen\u00e7a, \u00e0 50 km de l&#8217;a\u00e9roport de Palma.<\/p>\n<p>Entre mars et octobre, le soleil r\u00e8gne et les jours sont chauds. Huit mois de printemps et d&#8217;\u00e9t\u00e9 font de Majorque un paradis.<\/p>\n<p>Les appartements de Majorque Like Home ont \u00e9t\u00e9 enti\u00e8rement r\u00e9nov\u00e9s, \u00e9quip\u00e9s et d\u00e9cor\u00e9s en 2014 et 2017. Depuis, nous avons re\u00e7u des voyageurs de plus de 15 pays. Un couple en voyage de noces d&#8217;Istanbul, un groupe de 6 cyclistes de Bristol, une famille de Berlin, New York, Argentine, autant d&#8217;histoires inoubliables.<\/p>\n<p>Maintenir un contact cordial et personnel avec nos h\u00f4tes est la marque de fabrique de la maison.<\/p>\n<p>L&#8217;\u00e9quipe locale de &#8220;Puerto&#8221; est disponible toute l&#8217;ann\u00e9e, toujours pr\u00eate \u00e0 pr\u00e9parer votre arriv\u00e9e.<\/p>\n<p>Dans le Blog je vais mettre \u00e0 jour des informations utiles, tels que mes restaurants pr\u00e9f\u00e9r\u00e9s pr\u00e8s des appartements et des id\u00e9es de promenades, march\u00e9s gastronomiques, routes des vins.<\/p>\n<p>Majorque est une \u00eele tr\u00e8s compl\u00e8te qui m\u00e9rite plusieurs voyages.<\/p>\n<p>Dans les appartements de Majorque Like Home vous vous sentirez comme chez vous, \u00e0 l&#8217;aise&#8230; comme chez vous!<\/p>\n<p><strong>Soyez notre invit\u00e9 !<\/strong><br \/>\nCBH[\/vc_column_text][\/vc_column_inner][\/vc_row_inner][\/vc_column][\/vc_row]<\/p>\n","protected":false},"excerpt":{"rendered":"<p>[vc_row thb_full_width=&#8221;true&#8221; full_height=&#8221;yes&#8221; css=&#8221;.vc_custom_1496057393349{padding-top: 7vh !important;padding-bottom: 7vh !important;background-color: #e5e2da !important;}&#8221; thb_row_title=&#8221;Brief&#8221;][vc_column css=&#8221;.vc_custom_1499418311427{margin-top: 80px !important;}&#8221;][vc_row_inner thb_max_width=&#8221;max_width&#8221; el_class=&#8221;align-center&#8221;][vc_column_inner animation=&#8221;animation fade-in&#8221; offset=&#8221;vc_col-lg-8 vc_col-md-9&#8243;][vc_custom_heading text=&#8221;BIENVENUS&#8221; font_container=&#8221;tag:h2|font_size:30px|text_align:center|color:%233d3d3d&#8221; google_fonts=&#8221;font_family:Prata%3Aregular|font_style:400%20regular%3A400%3Anormal&#8221; css=&#8221;.vc_custom_1576865441293{padding-top: 30px !important;}&#8221;][vc_separator color=&#8221;black&#8221; border_width=&#8221;2&#8243; el_width=&#8221;40&#8243;][vc_column_text 0=&#8221;&#8221;] NOUS SOMMES Mallorca Like Home \u00a02 APPARTEMENTS A LOUER TOUTE L&#8217;ANNEE DANS LE NORD DE MAJORQUE LE MEILLEUR ENDROIT POUR VOS VACANCES [\/vc_column_text][vc_column_text 0=&#8221;&#8221;][\/vc_column_text][vc_separator el_width=&#8221;50&#8243;][vc_column_text&hellip;<\/p>\n","protected":false},"author":1,"featured_media":0,"parent":0,"menu_order":0,"comment_status":"closed","ping_status":"closed","template":"","meta":{"footnotes":""},"class_list":["post-762","page","type-page","status-publish","hentry"],"_links":{"self":[{"href":"https:\/\/mallorcalikehome.com\/index.php\/wp-json\/wp\/v2\/pages\/762","targetHints":{"allow":["GET"]}}],"collection":[{"href":"https:\/\/mallorcalikehome.com\/index.php\/wp-json\/wp\/v2\/pages"}],"about":[{"href":"https:\/\/mallorcalikehome.com\/index.php\/wp-json\/wp\/v2\/types\/page"}],"author":[{"embeddable":true,"href":"https:\/\/mallorcalikehome.com\/index.php\/wp-json\/wp\/v2\/users\/1"}],"replies":[{"embeddable":true,"href":"https:\/\/mallorcalikehome.com\/index.php\/wp-json\/wp\/v2\/comments?post=762"}],"version-history":[{"count":0,"href":"https:\/\/mallorcalikehome.com\/index.php\/wp-json\/wp\/v2\/pages\/762\/revisions"}],"wp:attachment":[{"href":"https:\/\/mallorcalikehome.com\/index.php\/wp-json\/wp\/v2\/media?parent=762"}],"curies":[{"name":"wp","href":"https:\/\/api.w.org\/{rel}","templated":true}]}}