{"id":1170,"date":"2019-12-19T19:50:50","date_gmt":"2019-12-19T18:50:50","guid":{"rendered":"http:\/\/www.mallorcalikehome.com\/?page_id=1170"},"modified":"2024-11-14T12:24:56","modified_gmt":"2024-11-14T12:24:56","slug":"asesoramiento","status":"publish","type":"page","link":"https:\/\/mallorcalikehome.com\/index.php\/asesoramiento\/","title":{"rendered":"Asesoramiento"},"content":{"rendered":"<p>[vc_row thb_full_width=&#8221;true&#8221; full_height=&#8221;yes&#8221; css=&#8221;.vc_custom_1496057393349{padding-top: 7vh !important;padding-bottom: 7vh !important;background-color: #e5e2da !important;}&#8221; thb_row_title=&#8221;Brief&#8221;][vc_column css=&#8221;.vc_custom_1499418311427{margin-top: 80px !important;}&#8221;][vc_row_inner thb_max_width=&#8221;max_width&#8221; el_class=&#8221;align-center&#8221;][vc_column_inner animation=&#8221;animation fade-in&#8221; offset=&#8221;vc_col-lg-8 vc_col-md-9&#8243;][vc_custom_heading text=&#8221;ASESORAMIENTO&#8221; font_container=&#8221;tag:h2|font_size:30px|text_align:center|color:%233d3d3d&#8221; google_fonts=&#8221;font_family:Prata%3Aregular|font_style:400%20regular%3A400%3Anormal&#8221; css=&#8221;.vc_custom_1579798765337{padding-top: 30px !important;}&#8221;][vc_separator color=&#8221;black&#8221; border_width=&#8221;2&#8243; el_width=&#8221;80&#8243;][vc_column_text 0=&#8221;&#8221;]<\/p>\n<h6 style=\"text-align: center;\"><span style=\"color: #000000;\">COMPRAR, ALQUILAR O VENDER PROPIEDADES EN MALLORCA<\/span><br \/>\n<span style=\"color: #000000;\">ASESORAMIENTO LEGAL Y FISCAL EN ESPA\u00d1A<\/span><br \/>\n<span style=\"color: #000000;\">RENOVACIONES<\/span><br \/>\n<span style=\"color: #000000;\">SERVICIOS<\/span><\/h6>\n<p>[\/vc_column_text][vc_column_text 0=&#8221;&#8221;]<img loading=\"lazy\" decoding=\"async\" class=\"alignleft size-full wp-image-1082\" src=\"https:\/\/mallorcalikehome.com\/wp-content\/uploads\/2017\/07\/illust-mallorca-real-1.jpg\" alt=\"\" width=\"1400\" height=\"918\" srcset=\"https:\/\/mallorcalikehome.com\/wp-content\/uploads\/2017\/07\/illust-mallorca-real-1.jpg 1400w, https:\/\/mallorcalikehome.com\/wp-content\/uploads\/2017\/07\/illust-mallorca-real-1-1024x671.jpg 1024w, https:\/\/mallorcalikehome.com\/wp-content\/uploads\/2017\/07\/illust-mallorca-real-1-768x504.jpg 768w, https:\/\/mallorcalikehome.com\/wp-content\/uploads\/2017\/07\/illust-mallorca-real-1-600x393.jpg 600w\" sizes=\"auto, (max-width: 1400px) 100vw, 1400px\" \/>[\/vc_column_text][vc_separator el_width=&#8221;50&#8243;][vc_column_text css=&#8221;.vc_custom_1731587093698{padding-top: 50px !important;padding-right: 50px !important;padding-left: 50px !important;background-color: #ffffff !important;}&#8221;]<\/p>\n<h4>En Mallorca Like Home queremos ofrecerle un servicio personalizado y transparente.<\/h4>\n<h4>COMPRAR<\/h4>\n<p>Podemos ayudarle a encontrar el apartamento o la casa de sus sue\u00f1os, nos adaptamos a su presupuesto y negociamos el precio por usted.<\/p>\n<p>Disfrute de nuestra experiencia y contactos locales para encontrar apartamentos a un buen precio.<\/p>\n<p>Disfrute de nuestros notarios de confianza, abogados y consejeros de banco que le guiar\u00e1n en todo el proceso con total confianza. Le acompa\u00f1amos en el proceso y traduciendo del ingl\u00e9s \u00f3 franc\u00e9s al castellano si usted lo requiere.<\/p>\n<h4>ALQUILAR<\/h4>\n<p>Si desea alquilar a largo o corto plazo un lugar para usted nosotros proponemos nuestros apartamentos en Puerto Pollensa pero tambi\u00e9n disponemos de otros apartamentos en toda la isla.<\/p>\n<p>Si desea alquilar algo realmente especifico, como vivir una verdadera experiencia en turismo rural o desea vivir en pleno centro hist\u00f3rico de Palma o al lado de La Catedral del Seu, nosotros lo haremos posible en un tiempo r\u00e9cord.<\/p>\n<h4>VENDER<\/h4>\n<p>Cualquiera que sea su raz\u00f3n para vender, Mallorca Like Home puede ayudarle con una venta r\u00e1pida; sin estr\u00e9s, retrasos y costos asociados con la venta en el mercado abierto. Rellene el siguiente formulario con sus datos y la descripci\u00f3n de su propiedad, <strong>ll\u00e1menos +41 782366035,\u00a0<\/strong>estaremos encantados de ayudarle.<\/p>\n<h4>CUIDAMOS DE SUS APARTAMENTOS E INVITADOS DURANTE TODO EL A\u00d1O<\/h4>\n<p>Organizamos el alquiler vacacional de su casa o apartamento en Mallorca.<br \/>\nNosotros nos encargamos de todo, incluyendo reservas, cambios, manejo de llaves, mantenimiento, informaci\u00f3n de vacaciones e ideas para sus hu\u00e9spedes.<br \/>\nD\u00e9jelo en nuestras manos.<\/p>\n<h4>RENOVACIONES<\/h4>\n<p>Desde el 2015 hemos renovado enteramente y decorado nuestros apartamentos en Mallorca Like Home y esto nos ha permitido acceder a toda una lista de artesanos y expertos que ya hemos contratado con plena satisfacci\u00f3n.<\/p>\n<p>Disfrute de nuestra experiencia renovando y decorando apartamentos con los mejores expertos y artesanos locales y a los mejores precios, precios locales.<\/p>\n<p>Nuestro equipo esta listo a renovar su casa todo el a\u00f1o. Contamos con expertos en :<\/p>\n<ul>\n<li>Plomer\u00eda<\/li>\n<li>Pintura y cer\u00e1mica<\/li>\n<li>Electricidad<\/li>\n<li>Instalaci\u00f3n de cocinas<\/li>\n<li>Renovaci\u00f3n de ba\u00f1os<\/li>\n<li>Decoraci\u00f3n<\/li>\n<\/ul>\n<p>Nosotros nos ocupamos de todo, usted tendr\u00e1 s\u00f3lo un interlocutor : Mallorca Like Home.<\/p>\n<p>Nos esmeramos en entregar a tiempo la obra. Sin demoras ni excusas.<\/p>\n<h4>SERVICIOS<\/h4>\n<ul>\n<li>Baby sitting a petici\u00f3n todo el a\u00f1o.<\/li>\n<li>Reservaci\u00f3n de restaurantes y clubes de golf.<\/li>\n<li>Limpieza y mantenimiento de su casa en Mallorca<\/li>\n<\/ul>\n<p>Organizaremos todos los controles de limpieza, mantenimiento e inventario al final de cada estancia y el dep\u00f3sito s\u00f3lo ser\u00e1 devuelto al cliente una vez que estemos seguros de que todo est\u00e1 en orden.[\/vc_column_text][\/vc_column_inner][\/vc_row_inner][\/vc_column][\/vc_row]<\/p>\n","protected":false},"excerpt":{"rendered":"<p>[vc_row thb_full_width=&#8221;true&#8221; full_height=&#8221;yes&#8221; css=&#8221;.vc_custom_1496057393349{padding-top: 7vh !important;padding-bottom: 7vh !important;background-color: #e5e2da !important;}&#8221; thb_row_title=&#8221;Brief&#8221;][vc_column css=&#8221;.vc_custom_1499418311427{margin-top: 80px !important;}&#8221;][vc_row_inner thb_max_width=&#8221;max_width&#8221; el_class=&#8221;align-center&#8221;][vc_column_inner animation=&#8221;animation fade-in&#8221; offset=&#8221;vc_col-lg-8 vc_col-md-9&#8243;][vc_custom_heading text=&#8221;ASESORAMIENTO&#8221; font_container=&#8221;tag:h2|font_size:30px|text_align:center|color:%233d3d3d&#8221; google_fonts=&#8221;font_family:Prata%3Aregular|font_style:400%20regular%3A400%3Anormal&#8221; css=&#8221;.vc_custom_1579798765337{padding-top: 30px !important;}&#8221;][vc_separator color=&#8221;black&#8221; border_width=&#8221;2&#8243; el_width=&#8221;80&#8243;][vc_column_text 0=&#8221;&#8221;] COMPRAR, ALQUILAR O VENDER PROPIEDADES EN MALLORCA ASESORAMIENTO LEGAL Y FISCAL EN ESPA\u00d1A RENOVACIONES SERVICIOS [\/vc_column_text][vc_column_text 0=&#8221;&#8221;][\/vc_column_text][vc_separator el_width=&#8221;50&#8243;][vc_column_text css=&#8221;.vc_custom_1731587093698{padding-top: 50px !important;padding-right: 50px !important;padding-left: 50px !important;background-color:&hellip;<\/p>\n","protected":false},"author":1,"featured_media":0,"parent":0,"menu_order":0,"comment_status":"closed","ping_status":"closed","template":"","meta":{"footnotes":""},"class_list":["post-1170","page","type-page","status-publish","hentry"],"_links":{"self":[{"href":"https:\/\/mallorcalikehome.com\/index.php\/wp-json\/wp\/v2\/pages\/1170","targetHints":{"allow":["GET"]}}],"collection":[{"href":"https:\/\/mallorcalikehome.com\/index.php\/wp-json\/wp\/v2\/pages"}],"about":[{"href":"https:\/\/mallorcalikehome.com\/index.php\/wp-json\/wp\/v2\/types\/page"}],"author":[{"embeddable":true,"href":"https:\/\/mallorcalikehome.com\/index.php\/wp-json\/wp\/v2\/users\/1"}],"replies":[{"embeddable":true,"href":"https:\/\/mallorcalikehome.com\/index.php\/wp-json\/wp\/v2\/comments?post=1170"}],"version-history":[{"count":3,"href":"https:\/\/mallorcalikehome.com\/index.php\/wp-json\/wp\/v2\/pages\/1170\/revisions"}],"predecessor-version":[{"id":1400,"href":"https:\/\/mallorcalikehome.com\/index.php\/wp-json\/wp\/v2\/pages\/1170\/revisions\/1400"}],"wp:attachment":[{"href":"https:\/\/mallorcalikehome.com\/index.php\/wp-json\/wp\/v2\/media?parent=1170"}],"curies":[{"name":"wp","href":"https:\/\/api.w.org\/{rel}","templated":true}]}}