{"id":1168,"date":"2019-12-19T19:50:35","date_gmt":"2019-12-19T18:50:35","guid":{"rendered":"http:\/\/www.mallorcalikehome.com\/?page_id=1168"},"modified":"2024-11-14T12:27:30","modified_gmt":"2024-11-14T12:27:30","slug":"conseil","status":"publish","type":"page","link":"https:\/\/mallorcalikehome.com\/index.php\/conseil\/","title":{"rendered":"CONSEIL"},"content":{"rendered":"<p>[vc_row thb_full_width=&#8221;true&#8221; full_height=&#8221;yes&#8221; css=&#8221;.vc_custom_1496057393349{padding-top: 7vh !important;padding-bottom: 7vh !important;background-color: #e5e2da !important;}&#8221; thb_row_title=&#8221;Brief&#8221;][vc_column css=&#8221;.vc_custom_1576858558721{margin-top: 80px !important;}&#8221;][vc_row_inner thb_max_width=&#8221;max_width&#8221; el_class=&#8221;align-center&#8221;][vc_column_inner animation=&#8221;animation fade-in&#8221; offset=&#8221;vc_col-lg-8 vc_col-md-9&#8243;][vc_custom_heading text=&#8221;CONSEIL&#8221; font_container=&#8221;tag:h2|font_size:30px|text_align:center|color:%233d3d3d&#8221; google_fonts=&#8221;font_family:Prata%3Aregular|font_style:400%20regular%3A400%3Anormal&#8221; css=&#8221;.vc_custom_1579888368662{padding-top: 30px !important;}&#8221;][vc_separator color=&#8221;black&#8221; border_width=&#8221;2&#8243; el_width=&#8221;80&#8243;][vc_column_text]<\/p>\n<h6 style=\"text-align: center;\"><span style=\"color: #000000;\">ACHETER, LOUER OU VENDRE DES BIENS IMMOBILIERS \u00c0 MAJORQUE<\/span><br \/>\n<span style=\"color: #000000;\">CONSEIL JURIDIQUE ET FISCAL EN ESPAGNE<\/span><br \/>\n<span style=\"color: #000000;\">TRAVAUX DE R\u00c9NOVATION<\/span><br \/>\n<span style=\"color: #000000;\">AUTRES SERVICES<\/span><\/h6>\n<p>[\/vc_column_text][vc_column_text]<img loading=\"lazy\" decoding=\"async\" class=\"alignleft size-full wp-image-1082\" src=\"https:\/\/mallorcalikehome.com\/wp-content\/uploads\/2017\/07\/illust-mallorca-real-1.jpg\" alt=\"\" width=\"1400\" height=\"918\" srcset=\"https:\/\/mallorcalikehome.com\/wp-content\/uploads\/2017\/07\/illust-mallorca-real-1.jpg 1400w, https:\/\/mallorcalikehome.com\/wp-content\/uploads\/2017\/07\/illust-mallorca-real-1-1024x671.jpg 1024w, https:\/\/mallorcalikehome.com\/wp-content\/uploads\/2017\/07\/illust-mallorca-real-1-768x504.jpg 768w, https:\/\/mallorcalikehome.com\/wp-content\/uploads\/2017\/07\/illust-mallorca-real-1-600x393.jpg 600w\" sizes=\"auto, (max-width: 1400px) 100vw, 1400px\" \/>[\/vc_column_text][vc_separator el_width=&#8221;50&#8243;][vc_column_text css=&#8221;.vc_custom_1731587247651{padding-top: 50px !important;padding-right: 50px !important;padding-left: 50px !important;background-color: #ffffff !important;}&#8221;]<\/p>\n<h4>\u00c0 Mallorca Like Home, nous voulons vous offrir un service personnalis\u00e9 et transparent.<\/h4>\n<h4>ACHETER<\/h4>\n<p>Nous pouvons vous aider \u00e0 trouver l&#8217;appartement ou la maison de vos r\u00eaves, nous nous adaptons \u00e0 votre budget et n\u00e9gocions le prix pour vous.<\/p>\n<p>Profitez de notre exp\u00e9rience et de nos contacts locaux pour trouver des appartements \u00e0 des prix d&#8217;occasion.<\/p>\n<p>Profitez de la confiance de nos notaires, avocats et conseillers bancaires qui vous guideront tout au long du processus en toute confiance. Nous vous accompagnerons tout au long du processus et traduirons de l&#8217;anglais ou du fran\u00e7ais vers l&#8217;espagnol si n\u00e9cessaire.<\/p>\n<h4>LOCATION<\/h4>\n<p>Si vous souhaitez louer \u00e0 court ou \u00e0 long terme, nous proposons nos appartements \u00e0 Puerto Pollensa mais nous avons \u00e9galement d&#8217;autres appartements dans toute l&#8217;\u00eele.<\/p>\n<p>Si vous voulez louer quelque chose de vraiment sp\u00e9cifique, par exemple vivre une v\u00e9ritable exp\u00e9rience de tourisme rural ou si vous voulez vivre au c\u0153ur du centre historique de Palma ou \u00e0 c\u00f4t\u00e9 de la Catedral del Seu, nous pouvons le faire en un temps record.<\/p>\n<h4>VENTE<\/h4>\n<p>Quelle que soit la raison pour laquelle vous vendez, Mallorca Like Home peut vous aider \u00e0 vendre rapidement, sans stress et sans les retards et les co\u00fbts associ\u00e9s \u00e0 la vente sur le libre march\u00e9. <strong>Appelez-nous au +41 7823660353, <\/strong>nous serons heureux de vous aider.<\/p>\n<h4>NOUS NOUS OCCUPONS DE VOS APPARTEMENTS ET DE VOS INVIT\u00c9S TOUT AU LONG DE L&#8217;ANN\u00c9E<\/h4>\n<p>Nous organisons la location de votre maison ou appartement de vacances \u00e0 Majorque.<br \/>\nNous nous occupons de tout y compris les r\u00e9servations, les changements, la gestion des cl\u00e9s, l&#8217;entretien, les informations sur les vacances et les id\u00e9es pour vos invit\u00e9s.<br \/>\nLaissez-nous nous en charger.<\/p>\n<h4>TRAVAUX DE R\u00c9NOVATION<\/h4>\n<p>Depuis 2015, nous avons enti\u00e8rement r\u00e9nov\u00e9 et d\u00e9cor\u00e9 nos appartements \u00e0 Mallorca Like Home, ce qui nous a permis d&#8217;avoir acc\u00e8s \u00e0 toute une liste d&#8217;artisans et d&#8217;experts que nous avons d\u00e9j\u00e0 engag\u00e9s avec pleine satisfaction.<\/p>\n<p>Profitez de notre exp\u00e9rience de r\u00e9novation et de d\u00e9coration d&#8217;appartements avec les meilleurs experts et artisans locaux et aux meilleurs prix, des prix locaux.<\/p>\n<p>Notre \u00e9quipe est pr\u00eate \u00e0 r\u00e9nover votre maison tout au long de l&#8217;ann\u00e9e.<br \/>\nNous avons des experts en :<\/p>\n<ul>\n<li>Plomberie<\/li>\n<li>Peintures et carrelage<\/li>\n<li>\u00c9lectricit\u00e9<\/li>\n<li>Installation de cuisines<\/li>\n<li>R\u00e9novation de salles de bains<\/li>\n<li>D\u00e9coration<\/li>\n<\/ul>\n<p>Nous nous occupons de tout, vous n&#8217;aurez qu&#8217;un seul interlocuteur : Mallorca Like Home.<br \/>\nNous prenons soin de livrer le travail \u00e0 temps, sans d\u00e9lais ni excuses.<\/p>\n<h4>AUTRES SERVICES<\/h4>\n<ul>\n<li>Baby sitting sur demande toute l&#8217;ann\u00e9e.<\/li>\n<li>R\u00e9servation de restaurants et de clubs de golf.<\/li>\n<li>Nettoyage et entretien de votre maison \u00e0 Majorque.<\/li>\n<\/ul>\n<p>Nous organisons tous les contr\u00f4les concernant le m\u00e9nage, l&#8217;entretien et l&#8217;inventaire \u00e0 la fin de chaque s\u00e9jour. La caution ne sera restitu\u00e9e au client qu&#8217;une fois que nous serons certains que tout est dans l&#8217;ordre avant leur d\u00e9part.[\/vc_column_text][\/vc_column_inner][\/vc_row_inner][\/vc_column][\/vc_row]<\/p>\n","protected":false},"excerpt":{"rendered":"<p>[vc_row thb_full_width=&#8221;true&#8221; full_height=&#8221;yes&#8221; css=&#8221;.vc_custom_1496057393349{padding-top: 7vh !important;padding-bottom: 7vh !important;background-color: #e5e2da !important;}&#8221; thb_row_title=&#8221;Brief&#8221;][vc_column css=&#8221;.vc_custom_1576858558721{margin-top: 80px !important;}&#8221;][vc_row_inner thb_max_width=&#8221;max_width&#8221; el_class=&#8221;align-center&#8221;][vc_column_inner animation=&#8221;animation fade-in&#8221; offset=&#8221;vc_col-lg-8 vc_col-md-9&#8243;][vc_custom_heading text=&#8221;CONSEIL&#8221; font_container=&#8221;tag:h2|font_size:30px|text_align:center|color:%233d3d3d&#8221; google_fonts=&#8221;font_family:Prata%3Aregular|font_style:400%20regular%3A400%3Anormal&#8221; css=&#8221;.vc_custom_1579888368662{padding-top: 30px !important;}&#8221;][vc_separator color=&#8221;black&#8221; border_width=&#8221;2&#8243; el_width=&#8221;80&#8243;][vc_column_text] ACHETER, LOUER OU VENDRE DES BIENS IMMOBILIERS \u00c0 MAJORQUE CONSEIL JURIDIQUE ET FISCAL EN ESPAGNE TRAVAUX DE R\u00c9NOVATION AUTRES SERVICES [\/vc_column_text][vc_column_text][\/vc_column_text][vc_separator el_width=&#8221;50&#8243;][vc_column_text css=&#8221;.vc_custom_1731587247651{padding-top: 50px !important;padding-right: 50px&hellip;<\/p>\n","protected":false},"author":1,"featured_media":0,"parent":0,"menu_order":0,"comment_status":"closed","ping_status":"closed","template":"","meta":{"footnotes":""},"class_list":["post-1168","page","type-page","status-publish","hentry"],"_links":{"self":[{"href":"https:\/\/mallorcalikehome.com\/index.php\/wp-json\/wp\/v2\/pages\/1168","targetHints":{"allow":["GET"]}}],"collection":[{"href":"https:\/\/mallorcalikehome.com\/index.php\/wp-json\/wp\/v2\/pages"}],"about":[{"href":"https:\/\/mallorcalikehome.com\/index.php\/wp-json\/wp\/v2\/types\/page"}],"author":[{"embeddable":true,"href":"https:\/\/mallorcalikehome.com\/index.php\/wp-json\/wp\/v2\/users\/1"}],"replies":[{"embeddable":true,"href":"https:\/\/mallorcalikehome.com\/index.php\/wp-json\/wp\/v2\/comments?post=1168"}],"version-history":[{"count":2,"href":"https:\/\/mallorcalikehome.com\/index.php\/wp-json\/wp\/v2\/pages\/1168\/revisions"}],"predecessor-version":[{"id":1402,"href":"https:\/\/mallorcalikehome.com\/index.php\/wp-json\/wp\/v2\/pages\/1168\/revisions\/1402"}],"wp:attachment":[{"href":"https:\/\/mallorcalikehome.com\/index.php\/wp-json\/wp\/v2\/media?parent=1168"}],"curies":[{"name":"wp","href":"https:\/\/api.w.org\/{rel}","templated":true}]}}