{"id":1165,"date":"2019-12-19T19:49:25","date_gmt":"2019-12-19T18:49:25","guid":{"rendered":"http:\/\/www.mallorcalikehome.com\/?page_id=1165"},"modified":"2024-12-18T17:40:59","modified_gmt":"2024-12-18T17:40:59","slug":"quienes-somos","status":"publish","type":"page","link":"https:\/\/mallorcalikehome.com\/index.php\/quienes-somos\/","title":{"rendered":"Quienes somos"},"content":{"rendered":"<p>[vc_row thb_full_width=&#8221;true&#8221; full_height=&#8221;yes&#8221; css=&#8221;.vc_custom_1496057393349{padding-top: 7vh !important;padding-bottom: 7vh !important;background-color: #e5e2da !important;}&#8221; thb_row_title=&#8221;Brief&#8221;][vc_column css=&#8221;.vc_custom_1499418311427{margin-top: 80px !important;}&#8221;][vc_row_inner thb_max_width=&#8221;max_width&#8221; el_class=&#8221;align-center&#8221;][vc_column_inner animation=&#8221;animation fade-in&#8221; offset=&#8221;vc_col-lg-8 vc_col-md-9&#8243;][vc_custom_heading text=&#8221;BIENVENIDOS&#8221; font_container=&#8221;tag:h2|font_size:30px|text_align:center|color:%233d3d3d&#8221; google_fonts=&#8221;font_family:Prata%3Aregular|font_style:400%20regular%3A400%3Anormal&#8221; css=&#8221;.vc_custom_1576864753027{padding-top: 30px !important;}&#8221;][vc_separator color=&#8221;black&#8221; border_width=&#8221;2&#8243; el_width=&#8221;40&#8243;][vc_column_text]<\/p>\n<h6 style=\"text-align: center;\"><span style=\"color: #000000;\">SOMOS MALLORCA LIKE HOME<br \/>\n<\/span><span style=\"color: #000000;\">2 APARTAMENTOS PARA ALQUILAR TODO EL A\u00d1O EN EL NORTE DE MALLORCA<br \/>\nEL MEJOR LUGAR PARA SUS VACACIONES<\/span><\/h6>\n<p>[\/vc_column_text][vc_column_text]<img loading=\"lazy\" decoding=\"async\" class=\"alignleft wp-image-1317 size-full\" src=\"https:\/\/mallorcalikehome.com\/wp-content\/uploads\/2020\/03\/cathy-sombrero2020-1.png\" alt=\"\" width=\"2000\" height=\"1143\" srcset=\"https:\/\/mallorcalikehome.com\/wp-content\/uploads\/2020\/03\/cathy-sombrero2020-1.png 2000w, https:\/\/mallorcalikehome.com\/wp-content\/uploads\/2020\/03\/cathy-sombrero2020-1-1024x585.png 1024w, https:\/\/mallorcalikehome.com\/wp-content\/uploads\/2020\/03\/cathy-sombrero2020-1-768x439.png 768w, https:\/\/mallorcalikehome.com\/wp-content\/uploads\/2020\/03\/cathy-sombrero2020-1-1536x878.png 1536w, https:\/\/mallorcalikehome.com\/wp-content\/uploads\/2020\/03\/cathy-sombrero2020-1-600x343.png 600w\" sizes=\"auto, (max-width: 2000px) 100vw, 2000px\" \/>[\/vc_column_text][vc_separator el_width=&#8221;50&#8243;][vc_column_text css=&#8221;.vc_custom_1734543656767{padding-top: 50px !important;padding-right: 50px !important;padding-left: 50px !important;background-color: #ffffff !important;}&#8221;]<strong>Nac\u00ed\u00a0y\u00a0crec\u00ed\u00a0en el Caribe.<\/strong><\/p>\n<p>La primera vez que visit\u00e9 a Mallorca, hace 8 a\u00f1os, me sent\u00ed como\u00a0en aquellas\u00a0playas\u00a0de mi\u00a0ni\u00f1ez,\u00a0su arena fina y su agua\u00a0cristalina\u00a0y\u00a0c\u00e1lida, la vegetaci\u00f3n exuberante , tan verde, esa sensaci\u00f3n de verano eterno. Al conocer el norte de la isla esa sensaci\u00f3n se profundiz\u00f3, por la presencia de la Sierra Tramuntana. Recientemente\u00a0declarada Patrimonio\u00a0de la\u00a0Humanidad\u00a0por\u00a0la UNESCO, es la Sierra quien trajo los primeros turistas a Mallorca a principios del siglo XX\u00a0!<\/p>\n<p>El mar y la monta\u00f1a en perfecta comuni\u00f3n. Es por esto que nuestros apartamentos est\u00e1n ubicados en el norte de la Isla, en Puerto Pollen\u00e7a, a 50 km del aeropuerto de Palma.<\/p>\n<p>Entre\u00a0marzo\u00a0y\u00a0octubre\u00a0el sol\u00a0reina\u00a0\u00a0y los\u00a0d\u00edas\u00a0son\u00a0c\u00e1lidos. 8 meses de primavera y verano al a\u00f1o hacen de Mallorca un para\u00edso.<\/p>\n<p>Nuestros apartamentos han sido totalmente renovados, equipados y decorados en el \u00a02014 y 2017. Desde entonces hemos recibido viajeros de mas de 15 pa\u00edses . Una pareja de luna de miel de Estambul, un grupo de 6 ciclistas de Bristol, una familia de Berl\u00edn, de NYC, de Argentina, tantas historias inolvidables.<\/p>\n<p>Mantener un contacto cordial y personal con nuestros hu\u00e9spedes es la marca de la casa.<\/p>\n<p>El equipo local de \u00ab\u00a0Puerto\u00a0\u00bb est\u00e1 disponible todo el a\u00f1o, siempre listo para preparar vuestra llegada.<\/p>\n<p>En el Blog ir\u00e9 actualizando informaci\u00f3n \u00fatil , como mis restaurantes preferidos cerca de los apartamentos e ideas de paseos , mercados gastron\u00f3micos, rutas de vinos.<\/p>\n<p>Mallorca es\u00a0una\u00a0isla muy\u00a0completa\u00a0que merita\u00a0varios viajes.<\/p>\n<p>En los apartamentos de Mallorca Like Home os sentir\u00e9is a gusto, c\u00f3modos\u2026como en casa\u00a0!<\/p>\n<p><strong>\u00a1Sean nuestros invitados!<\/strong><br \/>\nCBH[\/vc_column_text][\/vc_column_inner][\/vc_row_inner][\/vc_column][\/vc_row]<\/p>\n","protected":false},"excerpt":{"rendered":"<p>[vc_row thb_full_width=&#8221;true&#8221; full_height=&#8221;yes&#8221; css=&#8221;.vc_custom_1496057393349{padding-top: 7vh !important;padding-bottom: 7vh !important;background-color: #e5e2da !important;}&#8221; thb_row_title=&#8221;Brief&#8221;][vc_column css=&#8221;.vc_custom_1499418311427{margin-top: 80px !important;}&#8221;][vc_row_inner thb_max_width=&#8221;max_width&#8221; el_class=&#8221;align-center&#8221;][vc_column_inner animation=&#8221;animation fade-in&#8221; offset=&#8221;vc_col-lg-8 vc_col-md-9&#8243;][vc_custom_heading text=&#8221;BIENVENIDOS&#8221; font_container=&#8221;tag:h2|font_size:30px|text_align:center|color:%233d3d3d&#8221; google_fonts=&#8221;font_family:Prata%3Aregular|font_style:400%20regular%3A400%3Anormal&#8221; css=&#8221;.vc_custom_1576864753027{padding-top: 30px !important;}&#8221;][vc_separator color=&#8221;black&#8221; border_width=&#8221;2&#8243; el_width=&#8221;40&#8243;][vc_column_text] SOMOS MALLORCA LIKE HOME 2 APARTAMENTOS PARA ALQUILAR TODO EL A\u00d1O EN EL NORTE DE MALLORCA EL MEJOR LUGAR PARA SUS VACACIONES [\/vc_column_text][vc_column_text][\/vc_column_text][vc_separator el_width=&#8221;50&#8243;][vc_column_text css=&#8221;.vc_custom_1734543656767{padding-top: 50px&hellip;<\/p>\n","protected":false},"author":1,"featured_media":0,"parent":0,"menu_order":0,"comment_status":"closed","ping_status":"closed","template":"","meta":{"footnotes":""},"class_list":["post-1165","page","type-page","status-publish","hentry"],"_links":{"self":[{"href":"https:\/\/mallorcalikehome.com\/index.php\/wp-json\/wp\/v2\/pages\/1165","targetHints":{"allow":["GET"]}}],"collection":[{"href":"https:\/\/mallorcalikehome.com\/index.php\/wp-json\/wp\/v2\/pages"}],"about":[{"href":"https:\/\/mallorcalikehome.com\/index.php\/wp-json\/wp\/v2\/types\/page"}],"author":[{"embeddable":true,"href":"https:\/\/mallorcalikehome.com\/index.php\/wp-json\/wp\/v2\/users\/1"}],"replies":[{"embeddable":true,"href":"https:\/\/mallorcalikehome.com\/index.php\/wp-json\/wp\/v2\/comments?post=1165"}],"version-history":[{"count":8,"href":"https:\/\/mallorcalikehome.com\/index.php\/wp-json\/wp\/v2\/pages\/1165\/revisions"}],"predecessor-version":[{"id":1462,"href":"https:\/\/mallorcalikehome.com\/index.php\/wp-json\/wp\/v2\/pages\/1165\/revisions\/1462"}],"wp:attachment":[{"href":"https:\/\/mallorcalikehome.com\/index.php\/wp-json\/wp\/v2\/media?parent=1165"}],"curies":[{"name":"wp","href":"https:\/\/api.w.org\/{rel}","templated":true}]}}